{"id":2092,"date":"2023-03-07T22:35:04","date_gmt":"2023-03-07T21:35:04","guid":{"rendered":"http:\/\/www.clestclinical.com\/fr\/?page_id=2092"},"modified":"2023-03-11T22:27:52","modified_gmt":"2023-03-11T21:27:52","slug":"informations-en","status":"publish","type":"page","link":"https:\/\/www.clestclinical.com\/en\/informations-en\/","title":{"rendered":"Infos"},"content":{"rendered":"\t\t<div data-elementor-type=\"wp-page\" data-elementor-id=\"2092\" class=\"elementor elementor-2092\">\n\t\t\t\t\t\t<section class=\"elementor-section elementor-top-section elementor-element elementor-element-76e41a880 elementor-section-boxed elementor-section-height-default elementor-section-height-default wpr-particle-no wpr-jarallax-no wpr-parallax-no wpr-sticky-section-no\" data-id=\"76e41a880\" data-element_type=\"section\" data-settings=\"{&quot;background_background&quot;:&quot;classic&quot;}\">\n\t\t\t\t\t\t\t<div class=\"elementor-background-overlay\"><\/div>\n\t\t\t\t\t\t\t<div class=\"elementor-container elementor-column-gap-default\">\n\t\t\t\t\t<div class=\"elementor-column elementor-col-100 elementor-top-column elementor-element elementor-element-35af9a66\" data-id=\"35af9a66\" data-element_type=\"column\">\n\t\t\t<div class=\"elementor-widget-wrap elementor-element-populated\">\n\t\t\t\t\t\t<div class=\"elementor-element elementor-element-21c3a3fc elementor-widget elementor-widget-heading\" data-id=\"21c3a3fc\" data-element_type=\"widget\" data-widget_type=\"heading.default\">\n\t\t\t\t<div class=\"elementor-widget-container\">\n\t\t\t<h2 class=\"elementor-heading-title elementor-size-default\">Informations<\/h2>\t\t<\/div>\n\t\t\t\t<\/div>\n\t\t\t\t\t<\/div>\n\t\t<\/div>\n\t\t\t\t\t<\/div>\n\t\t<\/section>\n\t\t\t\t<section class=\"elementor-section elementor-top-section elementor-element elementor-element-6e64f65a elementor-section-boxed elementor-section-height-default elementor-section-height-default wpr-particle-no wpr-jarallax-no wpr-parallax-no wpr-sticky-section-no\" data-id=\"6e64f65a\" data-element_type=\"section\">\n\t\t\t\t\t\t<div class=\"elementor-container elementor-column-gap-default\">\n\t\t\t\t\t<div class=\"elementor-column elementor-col-100 elementor-top-column elementor-element elementor-element-6bb9396b\" data-id=\"6bb9396b\" data-element_type=\"column\">\n\t\t\t<div class=\"elementor-widget-wrap elementor-element-populated\">\n\t\t\t\t\t\t<div class=\"elementor-element elementor-element-34f6f059 wpr-grid-columns-3 wpr-grid-columns--tablet2 wpr-grid-columns--mobile1 wpr-grid-pagination-center wpr-item-styles-inner elementor-widget elementor-widget-wpr-grid\" data-id=\"34f6f059\" data-element_type=\"widget\" data-widget_type=\"wpr-grid.default\">\n\t\t\t\t<div class=\"elementor-widget-container\">\n\t\t\t<ul class=\"wpr-grid-filters elementor-clearfix wpr-grid-filters-sep-right\"><li class=\" wpr-pointer-none wpr-pointer-line-fx wpr-pointer-fx-none\"><span data-filter=\"*\" class=\"wpr-active-filter \">All Post<\/span><em class=\"wpr-grid-filters-sep\"><\/em><\/li><li class=\" wpr-pointer-none wpr-pointer-line-fx wpr-pointer-fx-none\"><span  data-filter=\".category-legal\">Legal<\/span><em class=\"wpr-grid-filters-sep\"><\/em><\/li><li class=\" wpr-pointer-none wpr-pointer-line-fx wpr-pointer-fx-none\"><span  data-filter=\".category-political\">Political<\/span><em class=\"wpr-grid-filters-sep\"><\/em><\/li><li class=\" wpr-pointer-none wpr-pointer-line-fx wpr-pointer-fx-none\"><span  data-filter=\".category-non-classe\">Non class\u00e9<\/span><em class=\"wpr-grid-filters-sep\"><\/em><\/li><\/ul><section class=\"wpr-grid elementor-clearfix\" data-settings=\"{&quot;layout&quot;:&quot;fitRows&quot;,&quot;stick_last_element_to_bottom&quot;:&quot;&quot;,&quot;columns_desktop&quot;:3,&quot;gutter_hr&quot;:15,&quot;gutter_hr_mobile&quot;:15,&quot;gutter_hr_mobile_extra&quot;:15,&quot;gutter_hr_tablet&quot;:15,&quot;gutter_hr_tablet_extra&quot;:15,&quot;gutter_hr_laptop&quot;:15,&quot;gutter_hr_widescreen&quot;:15,&quot;gutter_vr&quot;:40,&quot;gutter_vr_mobile&quot;:40,&quot;gutter_vr_mobile_extra&quot;:40,&quot;gutter_vr_tablet&quot;:40,&quot;gutter_vr_tablet_extra&quot;:40,&quot;gutter_vr_laptop&quot;:40,&quot;gutter_vr_widescreen&quot;:40,&quot;animation&quot;:&quot;default&quot;,&quot;animation_duration&quot;:0.3,&quot;animation_delay&quot;:0.1,&quot;deeplinking&quot;:&quot;&quot;,&quot;filters_linkable&quot;:&quot;no&quot;,&quot;filters_default_filter&quot;:&quot;&quot;,&quot;filters_count&quot;:&quot;&quot;,&quot;filters_hide_empty&quot;:&quot;no&quot;,&quot;filters_animation&quot;:&quot;default&quot;,&quot;filters_animation_duration&quot;:0.3,&quot;filters_animation_delay&quot;:0.1,&quot;pagination_type&quot;:&quot;load-more&quot;,&quot;pagination_max_pages&quot;:1,&quot;lightbox&quot;:{&quot;selector&quot;:&quot;.wpr-grid-image-wrap&quot;,&quot;iframeMaxWidth&quot;:&quot;60%&quot;,&quot;hash&quot;:false,&quot;autoplay&quot;:&quot;true&quot;,&quot;pause&quot;:5000,&quot;progressBar&quot;:&quot;true&quot;,&quot;counter&quot;:&quot;true&quot;,&quot;controls&quot;:&quot;true&quot;,&quot;getCaptionFromTitleOrAlt&quot;:&quot;true&quot;,&quot;thumbnail&quot;:&quot;&quot;,&quot;showThumbByDefault&quot;:&quot;&quot;,&quot;share&quot;:&quot;&quot;,&quot;zoom&quot;:&quot;true&quot;,&quot;fullScreen&quot;:&quot;true&quot;,&quot;download&quot;:&quot;true&quot;}}\"><article class=\"wpr-grid-item elementor-clearfix post-2300 post type-post status-publish format-standard hentry category-legal category-non-classe\"><div class=\"wpr-grid-item-inner\"><div class=\"wpr-grid-item-below-content elementor-clearfix\"><h2 class=\"wpr-grid-item-title elementor-repeater-item-5856a5b wpr-grid-item-display-block wpr-grid-item-align-left wpr-pointer-none wpr-pointer-line-fx wpr-pointer-fx-fade\"><div class=\"inner-block\"><a target=\"_self\"  href=\"https:\/\/www.clestclinical.com\/en\/2023\/03\/11\/reimbursement-of-cost\/\">Reimbursement of costs incurred by participants during a clinical trial.<\/a><\/div><\/h2><div class=\"wpr-grid-item-date elementor-repeater-item-405f9fe wpr-grid-item-display-inline wpr-grid-item-align-left\"><div class=\"inner-block\"><span>11 March 2023<span class=\"wpr-grid-extra-text-right\">\/<\/span><\/span><\/div><\/div><div class=\"wpr-grid-item-comments elementor-repeater-item-633b44f wpr-grid-item-display-inline wpr-grid-item-align-left\"><div class=\"inner-block\"><a href=\"https:\/\/www.clestclinical.com\/en\/2023\/03\/11\/reimbursement-of-cost\/#respond\"><span>No Comments<\/span><\/a><\/div><\/div><div class=\"wpr-grid-item-excerpt elementor-repeater-item-fba8c1b wpr-grid-item-display-block wpr-grid-item-align-left\"><div class=\"inner-block\"><p>Reimbursement of costs incurred by participants during a clinical trial. Reimbursement of costs incurred by participants during a clinical trial.&hellip;<\/p><\/div><\/div><div class=\"wpr-grid-item-read-more elementor-repeater-item-dbe3248 wpr-grid-item-display-block wpr-grid-item-align-left\"><div class=\"inner-block\"><a target=\"_self\" href=\"https:\/\/www.clestclinical.com\/en\/2023\/03\/11\/reimbursement-of-cost\/\" class=\"wpr-button-effect wpr-button-none\"><span>Read More<\/span><\/a><\/div><\/div><\/div><\/div><\/article><article class=\"wpr-grid-item elementor-clearfix post-429 post type-post status-publish format-standard has-post-thumbnail hentry category-political category-non-classe\"><div class=\"wpr-grid-item-inner\"><div class=\"wpr-grid-media-wrap wpr-effect-size-medium \" data-overlay-link=\"yes\"><div class=\"wpr-grid-image-wrap\" data-src=\"\" data-img-on-hover=\"\"  data-src-secondary=\"\"><img decoding=\"async\" data-no-lazy=\"1\" src=\"\" alt=\"\" class=\"wpr-anim-timing-ease-default\"><\/div><div class=\"wpr-grid-media-hover wpr-animation-wrap\"><div class=\"wpr-grid-media-hover-bg  wpr-overlay-fade-in wpr-anim-size-large wpr-anim-timing-ease-default wpr-anim-transparency\" data-url=\"https:\/\/www.clestclinical.com\/en\/2022\/02\/21\/the-clinical-research-organizations\/\"><\/div><\/div><\/div><div class=\"wpr-grid-item-below-content elementor-clearfix\"><h2 class=\"wpr-grid-item-title elementor-repeater-item-5856a5b wpr-grid-item-display-block wpr-grid-item-align-left wpr-pointer-none wpr-pointer-line-fx wpr-pointer-fx-fade\"><div class=\"inner-block\"><a target=\"_self\"  href=\"https:\/\/www.clestclinical.com\/en\/2022\/02\/21\/the-clinical-research-organizations\/\">After the \u201cPanama Papers\u201d, the \u201cPoland Papers\u201d.<\/a><\/div><\/h2><div class=\"wpr-grid-item-date elementor-repeater-item-405f9fe wpr-grid-item-display-inline wpr-grid-item-align-left\"><div class=\"inner-block\"><span>21 February 2022<span class=\"wpr-grid-extra-text-right\">\/<\/span><\/span><\/div><\/div><div class=\"wpr-grid-item-comments elementor-repeater-item-633b44f wpr-grid-item-display-inline wpr-grid-item-align-left\"><div class=\"inner-block\"><a href=\"https:\/\/www.clestclinical.com\/en\/2022\/02\/21\/the-clinical-research-organizations\/#respond\"><span>No Comments<\/span><\/a><\/div><\/div><div class=\"wpr-grid-item-excerpt elementor-repeater-item-fba8c1b wpr-grid-item-display-block wpr-grid-item-align-left\"><div class=\"inner-block\"><p>After the \u201cPanama Papers\u201d, the \u201cPoland Papers\u201d. The Clinical Research Organizations (CROs) have an important role to play in the&hellip;<\/p><\/div><\/div><div class=\"wpr-grid-item-read-more elementor-repeater-item-dbe3248 wpr-grid-item-display-block wpr-grid-item-align-left\"><div class=\"inner-block\"><a target=\"_self\" href=\"https:\/\/www.clestclinical.com\/en\/2022\/02\/21\/the-clinical-research-organizations\/\" class=\"wpr-button-effect wpr-button-none\"><span>Read More<\/span><\/a><\/div><\/div><\/div><\/div><\/article><\/section>\t\t<\/div>\n\t\t\t\t<\/div>\n\t\t\t\t\t<\/div>\n\t\t<\/div>\n\t\t\t\t\t<\/div>\n\t\t<\/section>\n\t\t\t\t<\/div>\n\t\t","protected":false},"excerpt":{"rendered":"<p>Informations All Post Juridique Politique Le remboursement des frais engag\u00e9s par les participants lors d\u2019un essai clinique. 5 mars 2023\/No Comments Le remboursement des frais engag\u00e9s par les participants lors d\u2019un essai clinique. EXTRAIT DU CODE CIVIL La d\u00e9l\u00e9gation se d\u00e9finit\u2026 Read More Apr\u00e8s les \u00ab&nbsp;Panama Papers&nbsp;\u00bb, les \u00ab&nbsp;Poland Papers&nbsp;\u00bb. 21 f\u00e9vrier 2022\/No Comments Apr\u00e8s les \u201cPanama Paper\u201d\u2026 Voyons les \u201cPoland Papers\u201d. Les Clinical Research Organisation (CROs) ont un r\u00f4le important \u00e0 tenir dans\u2026 Read More<\/p>\n","protected":false},"author":1,"featured_media":0,"parent":0,"menu_order":0,"comment_status":"closed","ping_status":"closed","template":"","meta":{"footnotes":""},"class_list":["post-2092","page","type-page","status-publish","hentry"],"yoast_head":"<!-- This site is optimized with the Yoast SEO plugin v23.6 - https:\/\/yoast.com\/wordpress\/plugins\/seo\/ -->\n<title>Infos - Clest-clinical<\/title>\n<meta name=\"description\" content=\"The Clinical Research Organizations (CROs) have an important role to play in the conduct of clinical studies\" \/>\n<meta name=\"robots\" content=\"index, follow, max-snippet:-1, max-image-preview:large, max-video-preview:-1\" \/>\n<link rel=\"canonical\" href=\"https:\/\/www.clestclinical.com\/en\/informations-en\/\" \/>\n<meta property=\"og:locale\" content=\"en_GB\" \/>\n<meta property=\"og:locale:alternate\" content=\"fr_FR\" \/>\n<meta property=\"og:type\" content=\"article\" \/>\n<meta property=\"og:title\" content=\"Infos\" \/>\n<meta property=\"og:description\" content=\"Informations All Post Juridique Politique Le remboursement des frais engag\u00e9s par les participants lors d\u2019un essai clinique. 5 mars 2023\/No Comments Le remboursement des frais engag\u00e9s par les participants lors d\u2019un essai clinique. EXTRAIT DU CODE CIVIL La d\u00e9l\u00e9gation se d\u00e9finit\u2026 Read More Apr\u00e8s les \u00ab&nbsp;Panama Papers&nbsp;\u00bb, les \u00ab&nbsp;Poland Papers&nbsp;\u00bb. 21 f\u00e9vrier 2022\/No Comments Apr\u00e8s les \u201cPanama Paper\u201d\u2026 Voyons les \u201cPoland Papers\u201d. Les Clinical Research Organisation (CROs) ont un r\u00f4le important \u00e0 tenir dans\u2026 Read More\" \/>\n<meta property=\"og:url\" content=\"https:\/\/www.clestclinical.com\/en\/2022\/02\/21\/the-clinical-research-organizations\/\" \/>\n<meta property=\"og:site_name\" content=\"Clest-clinical\" \/>\n<meta property=\"article:modified_time\" content=\"2023-03-11T21:27:52+00:00\" \/>\n<meta name=\"twitter:card\" content=\"summary_large_image\" \/>\n<meta name=\"twitter:label1\" content=\"Estimated reading time\" \/>\n\t<meta name=\"twitter:data1\" content=\"1 minute\" \/>\n<script type=\"application\/ld+json\" class=\"yoast-schema-graph\">{\"@context\":\"https:\/\/schema.org\",\"@graph\":[{\"@type\":\"WebPage\",\"@id\":\"https:\/\/www.clestclinical.com\/en\/informations-en\/\",\"url\":\"https:\/\/www.clestclinical.com\/en\/informations-en\/\",\"name\":\"Infos\",\"isPartOf\":{\"@id\":\"https:\/\/www.clestclinical.com\/en\/#website\"},\"datePublished\":\"2023-03-07T21:35:04+00:00\",\"dateModified\":\"2023-03-11T21:27:52+00:00\",\"breadcrumb\":{\"@id\":\"https:\/\/www.clestclinical.com\/en\/informations-en\/#breadcrumb\"},\"inLanguage\":\"en-GB\",\"potentialAction\":[{\"@type\":\"ReadAction\",\"target\":[\"https:\/\/www.clestclinical.com\/en\/informations-en\/\"]}]},{\"@type\":\"BreadcrumbList\",\"@id\":\"https:\/\/www.clestclinical.com\/en\/informations-en\/#breadcrumb\",\"itemListElement\":[{\"@type\":\"ListItem\",\"position\":1,\"name\":\"Home\",\"item\":\"https:\/\/www.clestclinical.com\/en\/home\/\"},{\"@type\":\"ListItem\",\"position\":2,\"name\":\"Infos\"}]},{\"@type\":\"WebSite\",\"@id\":\"https:\/\/www.clestclinical.com\/en\/#website\",\"url\":\"https:\/\/www.clestclinical.com\/en\/\",\"name\":\"Clest-clinical\",\"description\":\"\",\"publisher\":{\"@id\":\"https:\/\/www.clestclinical.com\/en\/#organization\"},\"potentialAction\":[{\"@type\":\"SearchAction\",\"target\":{\"@type\":\"EntryPoint\",\"urlTemplate\":\"https:\/\/www.clestclinical.com\/en\/?s={search_term_string}\"},\"query-input\":{\"@type\":\"PropertyValueSpecification\",\"valueRequired\":true,\"valueName\":\"search_term_string\"}}],\"inLanguage\":\"en-GB\"},{\"@type\":\"Organization\",\"@id\":\"https:\/\/www.clestclinical.com\/en\/#organization\",\"name\":\"C-lest\",\"url\":\"https:\/\/www.clestclinical.com\/en\/\",\"logo\":{\"@type\":\"ImageObject\",\"inLanguage\":\"en-GB\",\"@id\":\"https:\/\/www.clestclinical.com\/en\/#\/schema\/logo\/image\/\",\"url\":\"http:\/\/www.clestclinical.com\/wp-content\/uploads\/2023\/02\/logo_1.png\",\"contentUrl\":\"http:\/\/www.clestclinical.com\/wp-content\/uploads\/2023\/02\/logo_1.png\",\"width\":1613,\"height\":568,\"caption\":\"C-lest\"},\"image\":{\"@id\":\"https:\/\/www.clestclinical.com\/en\/#\/schema\/logo\/image\/\"},\"sameAs\":[\"https:\/\/fr.linkedin.com\/company\/voute\"]}]}<\/script>\n<!-- \/ Yoast SEO plugin. -->","yoast_head_json":{"title":"Infos - Clest-clinical","description":"The Clinical Research Organizations (CROs) have an important role to play in the conduct of clinical studies","robots":{"index":"index","follow":"follow","max-snippet":"max-snippet:-1","max-image-preview":"max-image-preview:large","max-video-preview":"max-video-preview:-1"},"canonical":"https:\/\/www.clestclinical.com\/en\/informations-en\/","og_locale":"en_GB","og_type":"article","og_title":"[:fr]Infos[:] - Clest-clinical","og_description":"Informations All Post Juridique Politique Le remboursement des frais engag\u00e9s par les participants lors d\u2019un essai clinique. 5 mars 2023\/No Comments Le remboursement des frais engag\u00e9s par les participants lors d\u2019un essai clinique. EXTRAIT DU CODE CIVIL La d\u00e9l\u00e9gation se d\u00e9finit\u2026 Read More Apr\u00e8s les \u00ab&nbsp;Panama Papers&nbsp;\u00bb, les \u00ab&nbsp;Poland Papers&nbsp;\u00bb. 21 f\u00e9vrier 2022\/No Comments Apr\u00e8s les \u201cPanama Paper\u201d\u2026 Voyons les \u201cPoland Papers\u201d. Les Clinical Research Organisation (CROs) ont un r\u00f4le important \u00e0 tenir dans\u2026 Read More","og_url":"https:\/\/www.clestclinical.com\/en\/2022\/02\/21\/the-clinical-research-organizations\/","og_site_name":"Clest-clinical","article_modified_time":"2023-03-11T21:27:52+00:00","twitter_card":"summary_large_image","twitter_misc":{"Estimated reading time":"1 minute"},"schema":{"@context":"https:\/\/schema.org","@graph":[{"@type":"WebPage","@id":"https:\/\/www.clestclinical.com\/en\/informations-en\/","url":"https:\/\/www.clestclinical.com\/en\/informations-en\/","name":"Infos","isPartOf":{"@id":"https:\/\/www.clestclinical.com\/en\/#website"},"datePublished":"2023-03-07T21:35:04+00:00","dateModified":"2023-03-11T21:27:52+00:00","breadcrumb":{"@id":"https:\/\/www.clestclinical.com\/en\/informations-en\/#breadcrumb"},"inLanguage":"en-GB","potentialAction":[{"@type":"ReadAction","target":["https:\/\/www.clestclinical.com\/en\/informations-en\/"]}]},{"@type":"BreadcrumbList","@id":"https:\/\/www.clestclinical.com\/en\/informations-en\/#breadcrumb","itemListElement":[{"@type":"ListItem","position":1,"name":"Home","item":"https:\/\/www.clestclinical.com\/en\/home\/"},{"@type":"ListItem","position":2,"name":"Infos"}]},{"@type":"WebSite","@id":"https:\/\/www.clestclinical.com\/en\/#website","url":"https:\/\/www.clestclinical.com\/en\/","name":"Clest-clinical","description":"","publisher":{"@id":"https:\/\/www.clestclinical.com\/en\/#organization"},"potentialAction":[{"@type":"SearchAction","target":{"@type":"EntryPoint","urlTemplate":"https:\/\/www.clestclinical.com\/en\/?s={search_term_string}"},"query-input":{"@type":"PropertyValueSpecification","valueRequired":true,"valueName":"search_term_string"}}],"inLanguage":"en-GB"},{"@type":"Organization","@id":"https:\/\/www.clestclinical.com\/en\/#organization","name":"C-lest","url":"https:\/\/www.clestclinical.com\/en\/","logo":{"@type":"ImageObject","inLanguage":"en-GB","@id":"https:\/\/www.clestclinical.com\/en\/#\/schema\/logo\/image\/","url":"http:\/\/www.clestclinical.com\/wp-content\/uploads\/2023\/02\/logo_1.png","contentUrl":"http:\/\/www.clestclinical.com\/wp-content\/uploads\/2023\/02\/logo_1.png","width":1613,"height":568,"caption":"C-lest"},"image":{"@id":"https:\/\/www.clestclinical.com\/en\/#\/schema\/logo\/image\/"},"sameAs":["https:\/\/fr.linkedin.com\/company\/voute"]}]}},"_links":{"self":[{"href":"https:\/\/www.clestclinical.com\/en\/wp-json\/wp\/v2\/pages\/2092","targetHints":{"allow":["GET"]}}],"collection":[{"href":"https:\/\/www.clestclinical.com\/en\/wp-json\/wp\/v2\/pages"}],"about":[{"href":"https:\/\/www.clestclinical.com\/en\/wp-json\/wp\/v2\/types\/page"}],"author":[{"embeddable":true,"href":"https:\/\/www.clestclinical.com\/en\/wp-json\/wp\/v2\/users\/1"}],"replies":[{"embeddable":true,"href":"https:\/\/www.clestclinical.com\/en\/wp-json\/wp\/v2\/comments?post=2092"}],"version-history":[{"count":7,"href":"https:\/\/www.clestclinical.com\/en\/wp-json\/wp\/v2\/pages\/2092\/revisions"}],"predecessor-version":[{"id":2290,"href":"https:\/\/www.clestclinical.com\/en\/wp-json\/wp\/v2\/pages\/2092\/revisions\/2290"}],"wp:attachment":[{"href":"https:\/\/www.clestclinical.com\/en\/wp-json\/wp\/v2\/media?parent=2092"}],"curies":[{"name":"wp","href":"https:\/\/api.w.org\/{rel}","templated":true}]}}