{"id":1973,"date":"2023-02-28T19:18:08","date_gmt":"2023-02-28T18:18:08","guid":{"rendered":"http:\/\/www.clestclinical.com\/fr\/?page_id=1973"},"modified":"2024-06-05T13:00:09","modified_gmt":"2024-06-05T11:00:09","slug":"infos","status":"publish","type":"page","link":"https:\/\/www.clestclinical.com\/fr\/infos\/","title":{"rendered":"Infos"},"content":{"rendered":"\t\t<div data-elementor-type=\"wp-page\" data-elementor-id=\"1973\" class=\"elementor elementor-1973\">\n\t\t\t\t\t\t<section class=\"elementor-section elementor-top-section elementor-element elementor-element-76e41a880 elementor-section-boxed elementor-section-height-default elementor-section-height-default wpr-particle-no wpr-jarallax-no wpr-parallax-no wpr-sticky-section-no\" data-id=\"76e41a880\" data-element_type=\"section\" data-settings=\"{&quot;background_background&quot;:&quot;classic&quot;}\">\n\t\t\t\t\t\t\t<div class=\"elementor-background-overlay\"><\/div>\n\t\t\t\t\t\t\t<div class=\"elementor-container elementor-column-gap-default\">\n\t\t\t\t\t<div class=\"elementor-column elementor-col-100 elementor-top-column elementor-element elementor-element-35af9a66\" data-id=\"35af9a66\" data-element_type=\"column\">\n\t\t\t<div class=\"elementor-widget-wrap elementor-element-populated\">\n\t\t\t\t\t\t<div class=\"elementor-element elementor-element-21c3a3fc elementor-widget elementor-widget-heading\" data-id=\"21c3a3fc\" data-element_type=\"widget\" data-widget_type=\"heading.default\">\n\t\t\t\t<div class=\"elementor-widget-container\">\n\t\t\t<h2 class=\"elementor-heading-title elementor-size-default\">Informations<\/h2>\t\t<\/div>\n\t\t\t\t<\/div>\n\t\t\t\t\t<\/div>\n\t\t<\/div>\n\t\t\t\t\t<\/div>\n\t\t<\/section>\n\t\t\t\t<section class=\"elementor-section elementor-top-section elementor-element elementor-element-6e64f65a elementor-section-boxed elementor-section-height-default elementor-section-height-default wpr-particle-no wpr-jarallax-no wpr-parallax-no wpr-sticky-section-no\" data-id=\"6e64f65a\" data-element_type=\"section\">\n\t\t\t\t\t\t<div class=\"elementor-container elementor-column-gap-default\">\n\t\t\t\t\t<div class=\"elementor-column elementor-col-100 elementor-top-column elementor-element elementor-element-6bb9396b\" data-id=\"6bb9396b\" data-element_type=\"column\">\n\t\t\t<div class=\"elementor-widget-wrap elementor-element-populated\">\n\t\t\t\t\t\t<div class=\"elementor-element elementor-element-34f6f059 wpr-grid-columns-3 wpr-grid-columns--tablet2 wpr-grid-columns--mobile1 wpr-grid-pagination-center wpr-item-styles-inner elementor-widget elementor-widget-wpr-grid\" data-id=\"34f6f059\" data-element_type=\"widget\" data-widget_type=\"wpr-grid.default\">\n\t\t\t\t<div class=\"elementor-widget-container\">\n\t\t\t<ul class=\"wpr-grid-filters elementor-clearfix wpr-grid-filters-sep-right\"><li class=\" wpr-pointer-none wpr-pointer-line-fx wpr-pointer-fx-none\"><span data-filter=\"*\" class=\"wpr-active-filter \">All Post<\/span><em class=\"wpr-grid-filters-sep\"><\/em><\/li><li class=\" wpr-pointer-none wpr-pointer-line-fx wpr-pointer-fx-none\"><span  data-filter=\".category-juridique\">Juridique<\/span><em class=\"wpr-grid-filters-sep\"><\/em><\/li><li class=\" wpr-pointer-none wpr-pointer-line-fx wpr-pointer-fx-none\"><span  data-filter=\".category-non-classe-fr\">Non class\u00e9<\/span><em class=\"wpr-grid-filters-sep\"><\/em><\/li><\/ul><section class=\"wpr-grid elementor-clearfix\" data-settings=\"{&quot;layout&quot;:&quot;fitRows&quot;,&quot;stick_last_element_to_bottom&quot;:&quot;&quot;,&quot;columns_desktop&quot;:3,&quot;gutter_hr&quot;:15,&quot;gutter_hr_mobile&quot;:15,&quot;gutter_hr_mobile_extra&quot;:15,&quot;gutter_hr_tablet&quot;:15,&quot;gutter_hr_tablet_extra&quot;:15,&quot;gutter_hr_laptop&quot;:15,&quot;gutter_hr_widescreen&quot;:15,&quot;gutter_vr&quot;:40,&quot;gutter_vr_mobile&quot;:40,&quot;gutter_vr_mobile_extra&quot;:40,&quot;gutter_vr_tablet&quot;:40,&quot;gutter_vr_tablet_extra&quot;:40,&quot;gutter_vr_laptop&quot;:40,&quot;gutter_vr_widescreen&quot;:40,&quot;animation&quot;:&quot;default&quot;,&quot;animation_duration&quot;:0.3,&quot;animation_delay&quot;:0.1,&quot;deeplinking&quot;:&quot;&quot;,&quot;filters_linkable&quot;:&quot;no&quot;,&quot;filters_default_filter&quot;:&quot;&quot;,&quot;filters_count&quot;:&quot;&quot;,&quot;filters_hide_empty&quot;:&quot;no&quot;,&quot;filters_animation&quot;:&quot;default&quot;,&quot;filters_animation_duration&quot;:0.3,&quot;filters_animation_delay&quot;:0.1,&quot;pagination_type&quot;:&quot;load-more&quot;,&quot;pagination_max_pages&quot;:1,&quot;lightbox&quot;:{&quot;selector&quot;:&quot;.wpr-grid-image-wrap&quot;,&quot;iframeMaxWidth&quot;:&quot;60%&quot;,&quot;hash&quot;:false,&quot;autoplay&quot;:&quot;true&quot;,&quot;pause&quot;:5000,&quot;progressBar&quot;:&quot;true&quot;,&quot;counter&quot;:&quot;true&quot;,&quot;controls&quot;:&quot;true&quot;,&quot;getCaptionFromTitleOrAlt&quot;:&quot;true&quot;,&quot;thumbnail&quot;:&quot;&quot;,&quot;showThumbByDefault&quot;:&quot;&quot;,&quot;share&quot;:&quot;&quot;,&quot;zoom&quot;:&quot;true&quot;,&quot;fullScreen&quot;:&quot;true&quot;,&quot;download&quot;:&quot;true&quot;}}\"><article class=\"wpr-grid-item elementor-clearfix post-2292 post type-post status-publish format-standard has-post-thumbnail hentry category-non-classe-fr\"><div class=\"wpr-grid-item-inner\"><div class=\"wpr-grid-media-wrap wpr-effect-size-medium \" data-overlay-link=\"yes\"><div class=\"wpr-grid-image-wrap\" data-src=\"\" data-img-on-hover=\"\"  data-src-secondary=\"\"><img decoding=\"async\" data-no-lazy=\"1\" src=\"\" alt=\"\" class=\"wpr-anim-timing-ease-default\"><\/div><div class=\"wpr-grid-media-hover wpr-animation-wrap\"><div class=\"wpr-grid-media-hover-bg  wpr-overlay-fade-in wpr-anim-size-large wpr-anim-timing-ease-default wpr-anim-transparency\" data-url=\"https:\/\/www.clestclinical.com\/fr\/2023\/03\/11\/apres-les-panama-papers\/\"><\/div><\/div><\/div><div class=\"wpr-grid-item-below-content elementor-clearfix\"><h2 class=\"wpr-grid-item-title elementor-repeater-item-5856a5b wpr-grid-item-display-block wpr-grid-item-align-left wpr-pointer-none wpr-pointer-line-fx wpr-pointer-fx-fade\"><div class=\"inner-block\"><a target=\"_self\"  href=\"https:\/\/www.clestclinical.com\/fr\/2023\/03\/11\/apres-les-panama-papers\/\">Apr\u00e8s les \u00ab Panama Papers \u00bb, les \u00ab Poland Papers \u00bb.<\/a><\/div><\/h2><div class=\"wpr-grid-item-date elementor-repeater-item-405f9fe wpr-grid-item-display-inline wpr-grid-item-align-left\"><div class=\"inner-block\"><span>11 mars 2023<span class=\"wpr-grid-extra-text-right\">\/<\/span><\/span><\/div><\/div><div class=\"wpr-grid-item-comments elementor-repeater-item-633b44f wpr-grid-item-display-inline wpr-grid-item-align-left\"><div class=\"inner-block\"><a href=\"https:\/\/www.clestclinical.com\/fr\/2023\/03\/11\/apres-les-panama-papers\/#respond\"><span>No Comments<\/span><\/a><\/div><\/div><div class=\"wpr-grid-item-excerpt elementor-repeater-item-fba8c1b wpr-grid-item-display-block wpr-grid-item-align-left\"><div class=\"inner-block\"><p>Apr\u00e8s les \u00ab Panama Papers \u00bb, les \u00ab Poland Papers \u00bb. Les Clinical Research Organisation (CROs) ont un r\u00f4le important\u2026<\/p><\/div><\/div><div class=\"wpr-grid-item-read-more elementor-repeater-item-dbe3248 wpr-grid-item-display-block wpr-grid-item-align-left\"><div class=\"inner-block\"><a target=\"_self\" href=\"https:\/\/www.clestclinical.com\/fr\/2023\/03\/11\/apres-les-panama-papers\/\" class=\"wpr-button-effect wpr-button-none\"><span>Read More<\/span><\/a><\/div><\/div><\/div><\/div><\/article><article class=\"wpr-grid-item elementor-clearfix post-1996 post type-post status-publish format-standard hentry category-juridique\"><div class=\"wpr-grid-item-inner\"><div class=\"wpr-grid-item-below-content elementor-clearfix\"><h2 class=\"wpr-grid-item-title elementor-repeater-item-5856a5b wpr-grid-item-display-block wpr-grid-item-align-left wpr-pointer-none wpr-pointer-line-fx wpr-pointer-fx-fade\"><div class=\"inner-block\"><a target=\"_self\"  href=\"https:\/\/www.clestclinical.com\/fr\/2023\/03\/05\/le-remboursement-des-frais\/\">Le remboursement des frais engag\u00e9s par les participants lors d\u2019un essai clinique.<\/a><\/div><\/h2><div class=\"wpr-grid-item-date elementor-repeater-item-405f9fe wpr-grid-item-display-inline wpr-grid-item-align-left\"><div class=\"inner-block\"><span>5 mars 2023<span class=\"wpr-grid-extra-text-right\">\/<\/span><\/span><\/div><\/div><div class=\"wpr-grid-item-comments elementor-repeater-item-633b44f wpr-grid-item-display-inline wpr-grid-item-align-left\"><div class=\"inner-block\"><a href=\"https:\/\/www.clestclinical.com\/fr\/2023\/03\/05\/le-remboursement-des-frais\/#respond\"><span>No Comments<\/span><\/a><\/div><\/div><div class=\"wpr-grid-item-excerpt elementor-repeater-item-fba8c1b wpr-grid-item-display-block wpr-grid-item-align-left\"><div class=\"inner-block\"><p>Le remboursement des frais engag\u00e9s par les participants lors d\u2019un essai clinique. EXTRAIT DU CODE CIVIL La d\u00e9l\u00e9gation se d\u00e9finit\u2026<\/p><\/div><\/div><div class=\"wpr-grid-item-read-more elementor-repeater-item-dbe3248 wpr-grid-item-display-block wpr-grid-item-align-left\"><div class=\"inner-block\"><a target=\"_self\" href=\"https:\/\/www.clestclinical.com\/fr\/2023\/03\/05\/le-remboursement-des-frais\/\" class=\"wpr-button-effect wpr-button-none\"><span>Read More<\/span><\/a><\/div><\/div><\/div><\/div><\/article><\/section>\t\t<\/div>\n\t\t\t\t<\/div>\n\t\t\t\t\t<\/div>\n\t\t<\/div>\n\t\t\t\t\t<\/div>\n\t\t<\/section>\n\t\t\t\t<\/div>\n\t\t","protected":false},"excerpt":{"rendered":"<p>Informations All Post Juridique Politique Le remboursement des frais engag\u00e9s par les participants lors d\u2019un essai clinique. 5 mars 2023\/No Comments EXTRAIT DU CODE CIVIL La d\u00e9l\u00e9gation se d\u00e9finit comme une \u201d op\u00e9ration par laquelle une personne, le d\u00e9l\u00e9gant, obtient d\u2019une\u2026 Read More Apr\u00e8s les \u00ab&nbsp;Panama Papers&nbsp;\u00bb, les \u00ab&nbsp;Poland Papers&nbsp;\u00bb. 21 f\u00e9vrier 2022\/No Comments Apr\u00e8s les \u00ab Panama Papers \u00bb, les \u00ab Poland Papers \u00bb. Les Clinical Research Organisation (CROs) ont un r\u00f4le important\u2026 Read More<\/p>\n","protected":false},"author":1,"featured_media":0,"parent":0,"menu_order":0,"comment_status":"closed","ping_status":"closed","template":"","meta":{"footnotes":""},"class_list":["post-1973","page","type-page","status-publish","hentry"],"yoast_head":"<!-- This site is optimized with the Yoast SEO plugin v23.6 - https:\/\/yoast.com\/wordpress\/plugins\/seo\/ -->\n<title>Infos - Clest-clinical<\/title>\n<meta name=\"description\" content=\"Le remboursement des frais engag\u00e9s. La d\u00e9l\u00e9gation se d\u00e9finit comme une op\u00e9ration par laquelle une personne,\" \/>\n<meta name=\"robots\" content=\"index, follow, max-snippet:-1, max-image-preview:large, max-video-preview:-1\" \/>\n<link rel=\"canonical\" href=\"https:\/\/www.clestclinical.com\/fr\/infos\/\" \/>\n<meta property=\"og:locale\" content=\"fr_FR\" \/>\n<meta property=\"og:locale:alternate\" content=\"en_US\" \/>\n<meta property=\"og:type\" content=\"article\" \/>\n<meta property=\"og:title\" content=\"Infos\" \/>\n<meta property=\"og:description\" content=\"Le remboursement des frais engag\u00e9s par les participants lors d\u2019un essai clinique. Nos informations\" \/>\n<meta property=\"og:url\" content=\"https:\/\/www.clestclinical.com\/fr\/2023\/03\/05\/le-remboursement-des-frais\/\" \/>\n<meta property=\"og:site_name\" content=\"Clest-clinical\" \/>\n<meta property=\"article:modified_time\" content=\"2024-06-05T11:00:09+00:00\" \/>\n<meta name=\"twitter:card\" content=\"summary_large_image\" \/>\n<meta name=\"twitter:label1\" content=\"Dur\u00e9e de lecture estim\u00e9e\" \/>\n\t<meta name=\"twitter:data1\" content=\"1 minute\" \/>\n<script type=\"application\/ld+json\" class=\"yoast-schema-graph\">{\"@context\":\"https:\/\/schema.org\",\"@graph\":[{\"@type\":\"WebPage\",\"@id\":\"https:\/\/www.clestclinical.com\/fr\/infos\/\",\"url\":\"https:\/\/www.clestclinical.com\/fr\/infos\/\",\"name\":\"Infos\",\"isPartOf\":{\"@id\":\"https:\/\/www.clestclinical.com\/fr\/#website\"},\"datePublished\":\"2023-02-28T18:18:08+00:00\",\"dateModified\":\"2024-06-05T11:00:09+00:00\",\"description\":\"Le remboursement des frais engag\u00e9s par les participants lors d\u2019un essai clinique. Nos informations\",\"inLanguage\":\"fr-FR\",\"potentialAction\":[{\"@type\":\"ReadAction\",\"target\":[\"https:\/\/www.clestclinical.com\/fr\/infos\/\"]}]},{\"@type\":\"WebSite\",\"@id\":\"https:\/\/www.clestclinical.com\/fr\/#website\",\"url\":\"https:\/\/www.clestclinical.com\/fr\/\",\"name\":\"Clest-clinical\",\"description\":\"\",\"publisher\":{\"@id\":\"https:\/\/www.clestclinical.com\/fr\/#organization\"},\"potentialAction\":[{\"@type\":\"SearchAction\",\"target\":{\"@type\":\"EntryPoint\",\"urlTemplate\":\"https:\/\/www.clestclinical.com\/fr\/?s={search_term_string}\"},\"query-input\":{\"@type\":\"PropertyValueSpecification\",\"valueRequired\":true,\"valueName\":\"search_term_string\"}}],\"inLanguage\":\"fr-FR\"},{\"@type\":\"Organization\",\"@id\":\"https:\/\/www.clestclinical.com\/fr\/#organization\",\"name\":\"C-lest\",\"url\":\"https:\/\/www.clestclinical.com\/fr\/\",\"logo\":{\"@type\":\"ImageObject\",\"inLanguage\":\"fr-FR\",\"@id\":\"https:\/\/www.clestclinical.com\/fr\/#\/schema\/logo\/image\/\",\"url\":\"http:\/\/www.clestclinical.com\/wp-content\/uploads\/2023\/02\/logo_1.png\",\"contentUrl\":\"http:\/\/www.clestclinical.com\/wp-content\/uploads\/2023\/02\/logo_1.png\",\"width\":1613,\"height\":568,\"caption\":\"C-lest\"},\"image\":{\"@id\":\"https:\/\/www.clestclinical.com\/fr\/#\/schema\/logo\/image\/\"},\"sameAs\":[\"https:\/\/fr.linkedin.com\/company\/voute\"]}]}<\/script>\n<!-- \/ Yoast SEO plugin. -->","yoast_head_json":{"title":"Infos - Clest-clinical","description":"Le remboursement des frais engag\u00e9s. La d\u00e9l\u00e9gation se d\u00e9finit comme une op\u00e9ration par laquelle une personne,","robots":{"index":"index","follow":"follow","max-snippet":"max-snippet:-1","max-image-preview":"max-image-preview:large","max-video-preview":"max-video-preview:-1"},"canonical":"https:\/\/www.clestclinical.com\/fr\/infos\/","og_locale":"fr_FR","og_type":"article","og_title":"[:fr]Infos[:] - Clest-clinical","og_description":"[:fr]Le remboursement des frais engag\u00e9s par les participants lors d\u2019un essai clinique. Nos informations[:]","og_url":"https:\/\/www.clestclinical.com\/fr\/2023\/03\/05\/le-remboursement-des-frais\/","og_site_name":"Clest-clinical","article_modified_time":"2024-06-05T11:00:09+00:00","twitter_card":"summary_large_image","twitter_misc":{"Dur\u00e9e de lecture estim\u00e9e":"1 minute"},"schema":{"@context":"https:\/\/schema.org","@graph":[{"@type":"WebPage","@id":"https:\/\/www.clestclinical.com\/fr\/infos\/","url":"https:\/\/www.clestclinical.com\/fr\/infos\/","name":"Infos","isPartOf":{"@id":"https:\/\/www.clestclinical.com\/fr\/#website"},"datePublished":"2023-02-28T18:18:08+00:00","dateModified":"2024-06-05T11:00:09+00:00","description":"Le remboursement des frais engag\u00e9s par les participants lors d\u2019un essai clinique. Nos informations","inLanguage":"fr-FR","potentialAction":[{"@type":"ReadAction","target":["https:\/\/www.clestclinical.com\/fr\/infos\/"]}]},{"@type":"WebSite","@id":"https:\/\/www.clestclinical.com\/fr\/#website","url":"https:\/\/www.clestclinical.com\/fr\/","name":"Clest-clinical","description":"","publisher":{"@id":"https:\/\/www.clestclinical.com\/fr\/#organization"},"potentialAction":[{"@type":"SearchAction","target":{"@type":"EntryPoint","urlTemplate":"https:\/\/www.clestclinical.com\/fr\/?s={search_term_string}"},"query-input":{"@type":"PropertyValueSpecification","valueRequired":true,"valueName":"search_term_string"}}],"inLanguage":"fr-FR"},{"@type":"Organization","@id":"https:\/\/www.clestclinical.com\/fr\/#organization","name":"C-lest","url":"https:\/\/www.clestclinical.com\/fr\/","logo":{"@type":"ImageObject","inLanguage":"fr-FR","@id":"https:\/\/www.clestclinical.com\/fr\/#\/schema\/logo\/image\/","url":"http:\/\/www.clestclinical.com\/wp-content\/uploads\/2023\/02\/logo_1.png","contentUrl":"http:\/\/www.clestclinical.com\/wp-content\/uploads\/2023\/02\/logo_1.png","width":1613,"height":568,"caption":"C-lest"},"image":{"@id":"https:\/\/www.clestclinical.com\/fr\/#\/schema\/logo\/image\/"},"sameAs":["https:\/\/fr.linkedin.com\/company\/voute"]}]}},"_links":{"self":[{"href":"https:\/\/www.clestclinical.com\/fr\/wp-json\/wp\/v2\/pages\/1973","targetHints":{"allow":["GET"]}}],"collection":[{"href":"https:\/\/www.clestclinical.com\/fr\/wp-json\/wp\/v2\/pages"}],"about":[{"href":"https:\/\/www.clestclinical.com\/fr\/wp-json\/wp\/v2\/types\/page"}],"author":[{"embeddable":true,"href":"https:\/\/www.clestclinical.com\/fr\/wp-json\/wp\/v2\/users\/1"}],"replies":[{"embeddable":true,"href":"https:\/\/www.clestclinical.com\/fr\/wp-json\/wp\/v2\/comments?post=1973"}],"version-history":[{"count":14,"href":"https:\/\/www.clestclinical.com\/fr\/wp-json\/wp\/v2\/pages\/1973\/revisions"}],"predecessor-version":[{"id":2583,"href":"https:\/\/www.clestclinical.com\/fr\/wp-json\/wp\/v2\/pages\/1973\/revisions\/2583"}],"wp:attachment":[{"href":"https:\/\/www.clestclinical.com\/fr\/wp-json\/wp\/v2\/media?parent=1973"}],"curies":[{"name":"wp","href":"https:\/\/api.w.org\/{rel}","templated":true}]}}