{"id":48,"date":"2022-02-11T12:28:25","date_gmt":"2022-02-11T11:28:25","guid":{"rendered":"https:\/\/demosites.royal-elementor-addons.com\/digitalagency-v2\/?page_id=48"},"modified":"2023-03-06T22:51:27","modified_gmt":"2023-03-06T21:51:27","slug":"notre-conformite","status":"publish","type":"page","link":"https:\/\/www.clestclinical.com\/fr\/notre-conformite\/","title":{"rendered":"Conformit\u00e9"},"content":{"rendered":"\t\t<div data-elementor-type=\"wp-page\" data-elementor-id=\"48\" class=\"elementor elementor-48\">\n\t\t\t\t\t\t<section class=\"elementor-section elementor-top-section elementor-element elementor-element-45ca546 elementor-section-height-min-height elementor-section-boxed elementor-section-height-default elementor-section-items-middle wpr-particle-no wpr-jarallax-no wpr-parallax-no wpr-sticky-section-no\" data-id=\"45ca546\" data-element_type=\"section\" data-settings=\"{&quot;background_background&quot;:&quot;classic&quot;}\">\n\t\t\t\t\t\t\t<div class=\"elementor-background-overlay\"><\/div>\n\t\t\t\t\t\t\t<div class=\"elementor-container elementor-column-gap-default\">\n\t\t\t\t\t<div class=\"elementor-column elementor-col-100 elementor-top-column elementor-element elementor-element-2077b92\" data-id=\"2077b92\" data-element_type=\"column\">\n\t\t\t<div class=\"elementor-widget-wrap elementor-element-populated\">\n\t\t\t\t\t\t<div class=\"elementor-element elementor-element-4e10c25 elementor-widget elementor-widget-heading\" data-id=\"4e10c25\" data-element_type=\"widget\" data-widget_type=\"heading.default\">\n\t\t\t\t<div class=\"elementor-widget-container\">\n\t\t\t<h2 class=\"elementor-heading-title elementor-size-default\">Conformit\u00e9<\/h2>\t\t<\/div>\n\t\t\t\t<\/div>\n\t\t\t\t\t<\/div>\n\t\t<\/div>\n\t\t\t\t\t<\/div>\n\t\t<\/section>\n\t\t\t\t<section class=\"elementor-section elementor-top-section elementor-element elementor-element-dffbbd9 elementor-section-boxed elementor-section-height-default elementor-section-height-default wpr-particle-no wpr-jarallax-no wpr-parallax-no wpr-sticky-section-no elementor-invisible\" data-id=\"dffbbd9\" data-element_type=\"section\" data-settings=\"{&quot;animation&quot;:&quot;slideInUp&quot;}\">\n\t\t\t\t\t\t<div class=\"elementor-container elementor-column-gap-wide\">\n\t\t\t\t\t<div class=\"elementor-column elementor-col-50 elementor-top-column elementor-element elementor-element-9538a06\" data-id=\"9538a06\" data-element_type=\"column\">\n\t\t\t<div class=\"elementor-widget-wrap elementor-element-populated\">\n\t\t\t\t\t\t<div class=\"elementor-element elementor-element-0fae9c4 elementor-widget elementor-widget-heading\" data-id=\"0fae9c4\" data-element_type=\"widget\" data-widget_type=\"heading.default\">\n\t\t\t\t<div class=\"elementor-widget-container\">\n\t\t\t<h2 class=\"elementor-heading-title elementor-size-default\">Notre conformit\u00e9<\/h2>\t\t<\/div>\n\t\t\t\t<\/div>\n\t\t\t\t<div class=\"elementor-element elementor-element-936e444 elementor-widget elementor-widget-text-editor\" data-id=\"936e444\" data-element_type=\"widget\" data-widget_type=\"text-editor.default\">\n\t\t\t\t<div class=\"elementor-widget-container\">\n\t\t\t\t\t\t\t<p style=\"margin-bottom: 0cm;\" align=\"JUSTIFY\"><span style=\"font-size: medium;\">Remboursement anonyme aux yeux du Sponsor et de la CRO (GCP, Reg 536\/2014)<\/span><\/p><p style=\"margin-bottom: 0cm;\" align=\"JUSTIFY\"><span style=\"font-size: medium;\">\u00a0<\/span><\/p><p style=\"margin-bottom: 0cm;\" align=\"JUSTIFY\"><span style=\"font-size: medium;\">Protection des donn\u00e9es personnelles RGPD (Dir 95\/46 CE &amp; Reg 679\/2016)<\/span><\/p><p style=\"margin-bottom: 0cm;\" align=\"JUSTIFY\"><span style=\"font-size: medium;\">\u00a0<\/span><\/p><p style=\"margin-bottom: 0cm;\" align=\"JUSTIFY\"><span style=\"font-size: medium;\">Paiement \u00e9lectronique approuv\u00e9 pour les tiers (Dir 2015\/2366 &amp; 2009\/110)<\/span><\/p><p style=\"margin-bottom: 0cm;\" align=\"JUSTIFY\"><span style=\"font-size: medium;\">\u00a0<\/span><\/p><p style=\"margin-bottom: 0cm;\" align=\"JUSTIFY\"><span style=\"font-size: medium;\">Lutte contre le blanchiment d\u2019argent, financement du terrorisme et la fraude <br \/>(Dir 849\/2015 &amp; Reg 847\/2015)<\/span><\/p><p style=\"margin-bottom: 0cm;\" align=\"JUSTIFY\"><span style=\"font-size: medium;\">\u00a0<\/span><\/p><p style=\"margin-bottom: 0cm;\" align=\"JUSTIFY\"><span style=\"font-size: medium;\">Archivage et tra\u00e7abilit\u00e9 (IFRS)<\/span><\/p><p style=\"margin-bottom: 0cm;\">\u00a0<\/p>\t\t\t\t\t\t<\/div>\n\t\t\t\t<\/div>\n\t\t\t\t\t<\/div>\n\t\t<\/div>\n\t\t\t\t<div class=\"elementor-column elementor-col-50 elementor-top-column elementor-element elementor-element-b83e5ae\" data-id=\"b83e5ae\" data-element_type=\"column\">\n\t\t\t<div class=\"elementor-widget-wrap elementor-element-populated\">\n\t\t\t\t\t\t<div class=\"elementor-element elementor-element-3fc80fb elementor-widget elementor-widget-image\" data-id=\"3fc80fb\" data-element_type=\"widget\" data-widget_type=\"image.default\">\n\t\t\t\t<div class=\"elementor-widget-container\">\n\t\t\t\t\t\t\t\t\t\t\t\t\t<img fetchpriority=\"high\" decoding=\"async\" width=\"960\" height=\"646\" src=\"https:\/\/www.clestclinical.com\/wp-content\/uploads\/2023\/02\/gdpr_1-1024x689.png\" class=\"attachment-large size-large wp-image-1568\" alt=\"\" srcset=\"https:\/\/www.clestclinical.com\/wp-content\/uploads\/2023\/02\/gdpr_1-1024x689.png 1024w, https:\/\/www.clestclinical.com\/wp-content\/uploads\/2023\/02\/gdpr_1-300x202.png 300w, https:\/\/www.clestclinical.com\/wp-content\/uploads\/2023\/02\/gdpr_1-768x517.png 768w, https:\/\/www.clestclinical.com\/wp-content\/uploads\/2023\/02\/gdpr_1-1536x1034.png 1536w, https:\/\/www.clestclinical.com\/wp-content\/uploads\/2023\/02\/gdpr_1-2048x1379.png 2048w\" sizes=\"(max-width: 960px) 100vw, 960px\" \/>\t\t\t\t\t\t\t\t\t\t\t\t\t<\/div>\n\t\t\t\t<\/div>\n\t\t\t\t\t<\/div>\n\t\t<\/div>\n\t\t\t\t\t<\/div>\n\t\t<\/section>\n\t\t\t\t<\/div>\n\t\t","protected":false},"excerpt":{"rendered":"<p>Conformit\u00e9 Notre conformit\u00e9 Remboursement anonyme aux yeux du Sponsor et de la CRO (GCP, Reg 536\/2014) Protection des donn\u00e9es personnelles RGPD (Dir 95\/46 CE &#038; Reg 679\/2016) Paiement \u00e9lectronique approuv\u00e9 pour les tiers (Dir 2015\/2366 &#038; 2009\/110) Lutte contre le blanchiment d\u2019argent, financement du terrorisme et la fraude (Dir 849\/2015 &#038; Reg 847\/2015) Archivage et tra\u00e7abilit\u00e9 (IFRS)<\/p>\n","protected":false},"author":1,"featured_media":0,"parent":0,"menu_order":0,"comment_status":"closed","ping_status":"closed","template":"elementor_canvas","meta":{"footnotes":""},"class_list":["post-48","page","type-page","status-publish","hentry"],"yoast_head":"<!-- This site is optimized with the Yoast SEO plugin v23.6 - https:\/\/yoast.com\/wordpress\/plugins\/seo\/ -->\n<title>Conformit\u00e9 - Clest-clinical<\/title>\n<meta name=\"description\" content=\"Notre conformit\u00e9. Remboursement anonyme aux yeux du Sponsor et de la CRO. Protection des donn\u00e9es personnelles.\" \/>\n<meta name=\"robots\" content=\"index, follow, max-snippet:-1, max-image-preview:large, max-video-preview:-1\" \/>\n<link rel=\"canonical\" href=\"https:\/\/www.clestclinical.com\/fr\/notre-conformite\/\" \/>\n<meta property=\"og:locale\" content=\"fr_FR\" \/>\n<meta property=\"og:locale:alternate\" content=\"en_US\" \/>\n<meta property=\"og:type\" content=\"article\" \/>\n<meta property=\"og:title\" content=\"Conformit\u00e9\" \/>\n<meta property=\"og:description\" content=\"Notre conformit\u00e9. Remboursement anonyme aux yeux du Sponsor et de la CRO. Protection des donn\u00e9es personnelles.\" \/>\n<meta property=\"og:url\" content=\"https:\/\/www.clestclinical.com\/fr\/notre-conformite\/\" \/>\n<meta property=\"og:site_name\" content=\"Clest-clinical\" \/>\n<meta property=\"article:modified_time\" content=\"2023-03-06T21:51:27+00:00\" \/>\n<meta property=\"og:image\" content=\"http:\/\/www.clestclinical.com\/wp-content\/uploads\/2023\/02\/gdpr_1-1024x689.png\" \/>\n<meta name=\"twitter:card\" content=\"summary_large_image\" \/>\n<meta name=\"twitter:label1\" content=\"Dur\u00e9e de lecture estim\u00e9e\" \/>\n\t<meta name=\"twitter:data1\" content=\"1 minute\" \/>\n<script type=\"application\/ld+json\" class=\"yoast-schema-graph\">{\"@context\":\"https:\/\/schema.org\",\"@graph\":[{\"@type\":\"WebPage\",\"@id\":\"https:\/\/www.clestclinical.com\/fr\/notre-conformite\/\",\"url\":\"https:\/\/www.clestclinical.com\/fr\/notre-conformite\/\",\"name\":\"Conformit\u00e9\",\"isPartOf\":{\"@id\":\"https:\/\/www.clestclinical.com\/fr\/#website\"},\"primaryImageOfPage\":{\"@id\":\"https:\/\/www.clestclinical.com\/fr\/notre-conformite\/#primaryimage\"},\"image\":{\"@id\":\"https:\/\/www.clestclinical.com\/fr\/notre-conformite\/#primaryimage\"},\"thumbnailUrl\":\"http:\/\/www.clestclinical.com\/wp-content\/uploads\/2023\/02\/gdpr_1-1024x689.png\",\"datePublished\":\"2022-02-11T11:28:25+00:00\",\"dateModified\":\"2023-03-06T21:51:27+00:00\",\"description\":\"Notre conformit\u00e9. Remboursement anonyme aux yeux du Sponsor et de la CRO. Protection des donn\u00e9es personnelles.\",\"inLanguage\":\"fr-FR\",\"potentialAction\":[{\"@type\":\"ReadAction\",\"target\":[\"https:\/\/www.clestclinical.com\/fr\/notre-conformite\/\"]}]},{\"@type\":\"ImageObject\",\"inLanguage\":\"fr-FR\",\"@id\":\"https:\/\/www.clestclinical.com\/fr\/notre-conformite\/#primaryimage\",\"url\":\"http:\/\/www.clestclinical.com\/wp-content\/uploads\/2023\/02\/gdpr_1-1024x689.png\",\"contentUrl\":\"http:\/\/www.clestclinical.com\/wp-content\/uploads\/2023\/02\/gdpr_1-1024x689.png\"},{\"@type\":\"WebSite\",\"@id\":\"https:\/\/www.clestclinical.com\/fr\/#website\",\"url\":\"https:\/\/www.clestclinical.com\/fr\/\",\"name\":\"Clest-clinical\",\"description\":\"\",\"publisher\":{\"@id\":\"https:\/\/www.clestclinical.com\/fr\/#organization\"},\"potentialAction\":[{\"@type\":\"SearchAction\",\"target\":{\"@type\":\"EntryPoint\",\"urlTemplate\":\"https:\/\/www.clestclinical.com\/fr\/?s={search_term_string}\"},\"query-input\":{\"@type\":\"PropertyValueSpecification\",\"valueRequired\":true,\"valueName\":\"search_term_string\"}}],\"inLanguage\":\"fr-FR\"},{\"@type\":\"Organization\",\"@id\":\"https:\/\/www.clestclinical.com\/fr\/#organization\",\"name\":\"C-lest\",\"url\":\"https:\/\/www.clestclinical.com\/fr\/\",\"logo\":{\"@type\":\"ImageObject\",\"inLanguage\":\"fr-FR\",\"@id\":\"https:\/\/www.clestclinical.com\/fr\/#\/schema\/logo\/image\/\",\"url\":\"http:\/\/www.clestclinical.com\/wp-content\/uploads\/2023\/02\/logo_1.png\",\"contentUrl\":\"http:\/\/www.clestclinical.com\/wp-content\/uploads\/2023\/02\/logo_1.png\",\"width\":1613,\"height\":568,\"caption\":\"C-lest\"},\"image\":{\"@id\":\"https:\/\/www.clestclinical.com\/fr\/#\/schema\/logo\/image\/\"},\"sameAs\":[\"https:\/\/fr.linkedin.com\/company\/voute\"]}]}<\/script>\n<!-- \/ Yoast SEO plugin. -->","yoast_head_json":{"title":"Conformit\u00e9 - Clest-clinical","description":"Notre conformit\u00e9. Remboursement anonyme aux yeux du Sponsor et de la CRO. Protection des donn\u00e9es personnelles.","robots":{"index":"index","follow":"follow","max-snippet":"max-snippet:-1","max-image-preview":"max-image-preview:large","max-video-preview":"max-video-preview:-1"},"canonical":"https:\/\/www.clestclinical.com\/fr\/notre-conformite\/","og_locale":"fr_FR","og_type":"article","og_title":"[:fr]Conformit\u00e9[:] - Clest-clinical","og_description":"Notre conformit\u00e9. Remboursement anonyme aux yeux du Sponsor et de la CRO. Protection des donn\u00e9es personnelles.","og_url":"https:\/\/www.clestclinical.com\/fr\/notre-conformite\/","og_site_name":"Clest-clinical","article_modified_time":"2023-03-06T21:51:27+00:00","og_image":[{"url":"http:\/\/www.clestclinical.com\/wp-content\/uploads\/2023\/02\/gdpr_1-1024x689.png"}],"twitter_card":"summary_large_image","twitter_misc":{"Dur\u00e9e de lecture estim\u00e9e":"1 minute"},"schema":{"@context":"https:\/\/schema.org","@graph":[{"@type":"WebPage","@id":"https:\/\/www.clestclinical.com\/fr\/notre-conformite\/","url":"https:\/\/www.clestclinical.com\/fr\/notre-conformite\/","name":"Conformit\u00e9","isPartOf":{"@id":"https:\/\/www.clestclinical.com\/fr\/#website"},"primaryImageOfPage":{"@id":"https:\/\/www.clestclinical.com\/fr\/notre-conformite\/#primaryimage"},"image":{"@id":"https:\/\/www.clestclinical.com\/fr\/notre-conformite\/#primaryimage"},"thumbnailUrl":"http:\/\/www.clestclinical.com\/wp-content\/uploads\/2023\/02\/gdpr_1-1024x689.png","datePublished":"2022-02-11T11:28:25+00:00","dateModified":"2023-03-06T21:51:27+00:00","description":"Notre conformit\u00e9. Remboursement anonyme aux yeux du Sponsor et de la CRO. Protection des donn\u00e9es personnelles.","inLanguage":"fr-FR","potentialAction":[{"@type":"ReadAction","target":["https:\/\/www.clestclinical.com\/fr\/notre-conformite\/"]}]},{"@type":"ImageObject","inLanguage":"fr-FR","@id":"https:\/\/www.clestclinical.com\/fr\/notre-conformite\/#primaryimage","url":"http:\/\/www.clestclinical.com\/wp-content\/uploads\/2023\/02\/gdpr_1-1024x689.png","contentUrl":"http:\/\/www.clestclinical.com\/wp-content\/uploads\/2023\/02\/gdpr_1-1024x689.png"},{"@type":"WebSite","@id":"https:\/\/www.clestclinical.com\/fr\/#website","url":"https:\/\/www.clestclinical.com\/fr\/","name":"Clest-clinical","description":"","publisher":{"@id":"https:\/\/www.clestclinical.com\/fr\/#organization"},"potentialAction":[{"@type":"SearchAction","target":{"@type":"EntryPoint","urlTemplate":"https:\/\/www.clestclinical.com\/fr\/?s={search_term_string}"},"query-input":{"@type":"PropertyValueSpecification","valueRequired":true,"valueName":"search_term_string"}}],"inLanguage":"fr-FR"},{"@type":"Organization","@id":"https:\/\/www.clestclinical.com\/fr\/#organization","name":"C-lest","url":"https:\/\/www.clestclinical.com\/fr\/","logo":{"@type":"ImageObject","inLanguage":"fr-FR","@id":"https:\/\/www.clestclinical.com\/fr\/#\/schema\/logo\/image\/","url":"http:\/\/www.clestclinical.com\/wp-content\/uploads\/2023\/02\/logo_1.png","contentUrl":"http:\/\/www.clestclinical.com\/wp-content\/uploads\/2023\/02\/logo_1.png","width":1613,"height":568,"caption":"C-lest"},"image":{"@id":"https:\/\/www.clestclinical.com\/fr\/#\/schema\/logo\/image\/"},"sameAs":["https:\/\/fr.linkedin.com\/company\/voute"]}]}},"_links":{"self":[{"href":"https:\/\/www.clestclinical.com\/fr\/wp-json\/wp\/v2\/pages\/48","targetHints":{"allow":["GET"]}}],"collection":[{"href":"https:\/\/www.clestclinical.com\/fr\/wp-json\/wp\/v2\/pages"}],"about":[{"href":"https:\/\/www.clestclinical.com\/fr\/wp-json\/wp\/v2\/types\/page"}],"author":[{"embeddable":true,"href":"https:\/\/www.clestclinical.com\/fr\/wp-json\/wp\/v2\/users\/1"}],"replies":[{"embeddable":true,"href":"https:\/\/www.clestclinical.com\/fr\/wp-json\/wp\/v2\/comments?post=48"}],"version-history":[{"count":27,"href":"https:\/\/www.clestclinical.com\/fr\/wp-json\/wp\/v2\/pages\/48\/revisions"}],"predecessor-version":[{"id":2040,"href":"https:\/\/www.clestclinical.com\/fr\/wp-json\/wp\/v2\/pages\/48\/revisions\/2040"}],"wp:attachment":[{"href":"https:\/\/www.clestclinical.com\/fr\/wp-json\/wp\/v2\/media?parent=48"}],"curies":[{"name":"wp","href":"https:\/\/api.w.org\/{rel}","templated":true}]}}